{"id":3873,"date":"2016-05-22T13:14:10","date_gmt":"2016-05-22T11:14:10","guid":{"rendered":"http:\/\/www.holiday-bandalo.com\/it\/info-lovran\/"},"modified":"2017-03-04T14:10:09","modified_gmt":"2017-03-04T13:10:09","slug":"info-lovran","status":"publish","type":"page","link":"https:\/\/www.holiday-bandalo.com\/it\/info-lovran\/","title":{"rendered":"Info Lovran"},"content":{"rendered":"<div class=\"wpb-content-wrapper\"><p>[vc_row][vc_column]<div class=\"fancy_heading fancy_heading_line\"><div class=\"fh-top\"><\/div><h2 class=\"title\">Getting to know Lovran, Istria<\/h2><\/div>\n[\/vc_column][\/vc_row][vc_row][vc_column width=&#8221;1\/2&#8243;][vc_column_text]Lovran is a town with a long and diverse past, with a hundred-year-long tradition of tourism. It took its name from laurel, laurus nobilis, which grows abundantly in the evergreen groves in the town and environs.<br \/>\nOf all the places that have developed on the steep eastern slopes of U\u010dka, Lovran is the oldest, coming into being directly on the coast of Liburnia. Lovran has preserved its historical core and medieval city plan. The old city was girt with defensive walls and bastions, on the foundations and walls of which, during time, houses have been built.The courtyards of the Old Town are a particular charm of Mediterranean cityscapes. Behind the stone portals the fa\u00e7ades of the neighbouring houses can be seen, decorated with their steps, porches and vaults. In the centre of the courtyard is the wellhead.<\/p>\n<p>A good climate, luxuriant Mediterranean vegetation and a favorable geographic location contributed to the rapid development of tourism during the late 19th and early 20th centuries. Since that time, Lovran, together with Opatija, has been the most important locality on the famed Riviera. Several villas designed by the celebrated Viennese architect Carl Seidel dating from that period are part of the world architectural heritage.[\/vc_column_text][\/vc_column][vc_column width=&#8221;1\/2&#8243;][vc_column_text]<img loading=\"lazy\" decoding=\"async\" class=\"aligncenter size-full wp-image-3627\" src=\"http:\/\/www.holiday-bandalo.com\/wp-content\/uploads\/2016\/05\/Lovran-panorama.jpg\" alt=\"Lovran\" width=\"600\" height=\"399\" srcset=\"https:\/\/www.holiday-bandalo.com\/wp-content\/uploads\/2016\/05\/Lovran-panorama.jpg 600w, https:\/\/www.holiday-bandalo.com\/wp-content\/uploads\/2016\/05\/Lovran-panorama-300x200.jpg 300w, https:\/\/www.holiday-bandalo.com\/wp-content\/uploads\/2016\/05\/Lovran-panorama-220x146.jpg 220w, https:\/\/www.holiday-bandalo.com\/wp-content\/uploads\/2016\/05\/Lovran-panorama-50x33.jpg 50w, https:\/\/www.holiday-bandalo.com\/wp-content\/uploads\/2016\/05\/Lovran-panorama-113x75.jpg 113w\" sizes=\"(max-width:767px) 480px, 600px\" \/>[\/vc_column_text][\/vc_column][\/vc_row][vc_row][vc_column][vc_column_text]At the beginning of the 21st century, Lovran can draw on a rich historical heritage, a hundred-year-old tradition of tourism, a well-preserved nature, a developed infrastructure and everything else that permits a new take-off in the tourist industry combined with sustainable development and respect for all ecological standards.<\/p>\n<p>&nbsp;<\/p>\n<p>INFO:<strong><a href=\"http:\/\/www.tz-lovran.hr\/upoznajte.html\" target=\"_blank\">\u00a0www.tz-lovran.hr<\/a><\/strong>[\/vc_column_text][\/vc_column][\/vc_row][vc_row][vc_column]<div class=\"fancy_heading fancy_heading_line\"><div class=\"fh-top\"><\/div><h2 class=\"title\">Shopping center, Farmacy, Hospital, Gas station in Lovran<\/h2><\/div>\n[\/vc_column][\/vc_row][vc_row][vc_column width=&#8221;2\/3&#8243;][vc_column_text]<iframe loading=\"lazy\" src=\"https:\/\/www.google.com\/maps\/d\/embed?mid=1wTJlQS9KTeX52cQ-gX8iePDVUuo\" width=\"100%\" height=\"480\"><\/iframe>[\/vc_column_text][\/vc_column][vc_column width=&#8221;1\/3&#8243;][vc_column_text]<\/p>\n<h4>Discover, dream, learn, visit, share experiences &#8211; you will find everything that has to offer HappyToVisit!<\/h4>\n<p>[\/vc_column_text][vc_single_image image=&#8221;3993&#8243; img_size=&#8221;full&#8221; onclick=&#8221;custom_link&#8221; img_link_target=&#8221;_blank&#8221; link=&#8221;http:\/\/happytovisit.com\/de\/Kroatien\/tours-d108&#8243;][\/vc_column][\/vc_row][vc_row][vc_column][vc_column_text]<\/p>\n<table width=\"100%\">\n<tbody>\n<tr>\n<td colspan=\"2\" width=\"100%\"><strong>Lovran info<\/strong><\/td>\n<\/tr>\n<tr>\n<td colspan=\"2\" width=\"100%\">HR-51415 Lovran, telephone: 00385 (0)51<\/td>\n<\/tr>\n<tr>\n<td width=\"62%\"><strong>Lovran District Tourist Office\u00a0<\/strong><br \/>\nTrg slobode 1<br \/>\nTel: +385 51 291 740<br \/>\nFax: +385 51 294 387<br \/>\nweb:\u00a0<a href=\"http:\/\/www.tz-lovran.hr\/\">www.tz-lovran.hr<\/a><br \/>\nE-mail:\u00a0<a href=\"mailto:information@tz-lovran.hr\">information@tz-lovran.hr<\/a><br \/>\nPresident \u2013 Alan Sankovi\u0107<br \/>\nDirector \u2013 Vojko Brubnjak<br \/>\nAdministrator TIC Lovran \u2013 Nata\u0161a Cibi\u0107 Pozni\u0107<br \/>\nAdministrator TIC Medveja \u2013 Suzana An\u0111elina Horvatin\u010di\u0107<\/td>\n<td width=\"37%\"><strong>Municipality of Lovran<\/strong><br \/>\n\u0160etali\u0161te mar\u0161ala Tita 41<br \/>\nTel: +385 51 291 045<br \/>\nFax: +385 51 294 862<br \/>\nMayor \u2013 Alan Sankovi\u0107<br \/>\nweb:\u00a0<a href=\"http:\/\/www.opcinalovran.hr\/\">www.opcinalovran.hr<\/a><br \/>\nE-mail:\u00a0<a href=\"mailto:opcina.lovran@ri.ht.hr\">opcina.lovran@ri.ht.hr<\/a><\/td>\n<\/tr>\n<tr>\n<td width=\"62%\"><\/td>\n<td width=\"37%\"><\/td>\n<\/tr>\n<tr>\n<td width=\"62%\"><strong>Nature Park U\u010dka<\/strong><br \/>\nLiganj 42, HR-51415 Lovran<br \/>\nTel: +385 (0)51 293 753, Tel\/Fax: 293 751<br \/>\nE-mail:\u00a0<a href=\"mailto:park.prirode.ucka@inet.hr\">park.prirode.ucka@inet.hr<\/a><br \/>\nweb:\u00a0<a href=\"http:\/\/www.pp-ucka.hr\/\">www.pp-ucka.hr<\/a><\/td>\n<td width=\"37%\"><strong>Lovran Parish Office<\/strong><br \/>\nStari grad 76<br \/>\nTel: +385 51 291 611<br \/>\nReverend Matija Ra\u0161pica<\/td>\n<\/tr>\n<tr>\n<td colspan=\"2\" width=\"100%\"><\/td>\n<\/tr>\n<tr>\n<td width=\"62%\"><strong>Pastoral Center<\/strong><br \/>\n\u0160etali\u0161te M. Tita 124<br \/>\nTel: +385 51 291 641<br \/>\nFax: +385 51 293 440<\/td>\n<td width=\"37%\"><strong>Gallery Laurus<\/strong><br \/>\nTrg slobode 14<br \/>\nTel: +385 51 291 057<\/td>\n<\/tr>\n<tr>\n<td colspan=\"2\" width=\"100%\"><\/td>\n<\/tr>\n<tr>\n<td colspan=\"2\" width=\"100%\"><\/td>\n<\/tr>\n<tr>\n<td colspan=\"2\" width=\"100%\"><strong>Transportation and Service Information<\/strong><\/td>\n<\/tr>\n<tr>\n<td width=\"62%\"><strong>TAXI LOVRAN<\/strong><br \/>\nGSM: +385 98 215 213<br \/>\nTel: +385 51 274 597<\/td>\n<td width=\"37%\"><strong><a href=\"http:\/\/hr.sixt.com\/php\/reservation?tab_identifier=1398259462&amp;AGIA=5122209&amp;ctyp=P&amp;\">Rent a car Sixt<\/a><\/strong><\/td>\n<\/tr>\n<tr>\n<td width=\"62%\"><\/td>\n<td width=\"37%\"><\/td>\n<\/tr>\n<tr>\n<td width=\"62%\"><strong>City transport \u2013 &#8220;Autotrolej&#8221;\u00a0<\/strong><br \/>\nOpatija<br \/>\nTel: +385 51 271 123<br \/>\nweb:\u00a0<a href=\"http:\/\/www.autotrolej.hr\/\">www.autotrolej.hr<\/a><br \/>\nInfo telefon: 060 151 151<\/td>\n<td width=\"37%\"><strong>Long distance transport \u2013 &#8220;Autotrans&#8221;<br \/>\n<\/strong>Opatija<br \/>\nTel: +385 51 272 006<br \/>\nweb:\u00a0<a href=\"http:\/\/www.autotrans.hr\/\">www.autotrans.hr<\/a><\/td>\n<\/tr>\n<tr>\n<td width=\"62%\"><\/td>\n<td width=\"37%\"><\/td>\n<\/tr>\n<tr>\n<td width=\"62%\"><strong>Petrol Station<\/strong><br \/>\n<strong>INA Lovran<\/strong><br \/>\nTel: +385 91 497 11 55<\/td>\n<td width=\"37%\"><strong>Petrol station for vessels\u00a0\u2013 OPATIJA\u00a0<\/strong><br \/>\nLido, Zert bb<br \/>\nTel: +385 91 497 11 61<\/td>\n<\/tr>\n<tr>\n<td colspan=\"2\" width=\"100%\"><\/td>\n<\/tr>\n<tr>\n<td width=\"62%\"><strong>Derrick service for boats &#8211; IKA<\/strong><br \/>\nInformation: Mr. Josip Brki\u0107<br \/>\n(Hotel Villa Schubert, Primorska 1)<br \/>\nTel: +385 51 291 777<br \/>\nFax: +385 51 292 044<br \/>\nweb:\u00a0<a href=\"http:\/\/www.villa.hotel-schubert.eu\/\">www.villa.hotel-schubert.eu<\/a><br \/>\ne-mail:\u00a0<a href=\"mailto:info@hotel-schubert.eu\">info@hotel-schubert.eu<\/a><\/td>\n<td width=\"37%\"><strong>Harbour Master\u2019s Office<\/strong><br \/>\nZert 3, HR \u2013 51410 Opatija<br \/>\nTel: +385 51 711 249<\/td>\n<\/tr>\n<tr>\n<td width=\"62%\"><\/td>\n<td width=\"37%\"><\/td>\n<\/tr>\n<tr>\n<td width=\"62%\"><strong>HAK \u2013 The Croatian Auto Club<br \/>\nRoad Assistance 1987<br \/>\n<\/strong>Traffic and road conditions<br \/>\nweb:\u00a0<a href=\"http:\/\/www.hak.hr\/\">www.hak.hr<\/a><\/td>\n<td width=\"37%\"><strong>Primorsko-Goranska County Police Station Section office Opatija 192<\/strong><br \/>\nPoginulih hrvatskih branitelja 1, Opatija<br \/>\nTel: +385 51 710 111<\/td>\n<\/tr>\n<tr>\n<td width=\"62%\"><\/td>\n<td width=\"37%\"><\/td>\n<\/tr>\n<tr>\n<td colspan=\"2\" width=\"100%\"><\/td>\n<\/tr>\n<tr>\n<td width=\"62%\"><\/td>\n<td width=\"37%\"><\/td>\n<\/tr>\n<tr>\n<td colspan=\"2\" width=\"100%\"><strong>Bank &amp; Post Office<\/strong><\/td>\n<\/tr>\n<tr>\n<td width=\"62%\"><strong>Erste i Steierm\u00e4rkische Bank d.d.,<br \/>\nLovran branch<br \/>\n<\/strong>\u0160etali\u0161te M. Tita 41, HR \u2013 51415 Lovran<br \/>\nTel 062 37 6690<br \/>\nweb:\u00a0<a href=\"http:\/\/http\/www.erstebank.hr\">http:\/\/www.erstebank.hr<\/a><\/td>\n<td width=\"37%\"><strong>Lovran Post Office<\/strong><br \/>\n\u0160etali\u0161te M. Tita 29, HR \u2013 51415 Lovran<br \/>\nTel: +385 51 525 884, 525 883<\/td>\n<\/tr>\n<tr>\n<td colspan=\"2\" width=\"100%\"><\/td>\n<\/tr>\n<tr>\n<td width=\"62%\"><\/td>\n<td width=\"37%\"><\/td>\n<\/tr>\n<tr>\n<td colspan=\"2\" width=\"100%\"><strong>Health facilities<\/strong><\/td>\n<\/tr>\n<tr>\n<td width=\"62%\"><strong>The Lovran Orthopaedic Clinic<\/strong><br \/>\n\u0160etali\u0161te M. Tita 1, HR \u2013 51415 Lovran<br \/>\nTel: +385 51 710 200<br \/>\nFax: +385 51 292 098<br \/>\n<a href=\"http:\/\/www.orto-lovran.hr\/\">www.orto-lovran.hr<\/a><br \/>\nE-mail:\u00a0<a href=\"mailto:klinika.za.ortopediju.lovran@ri.t-com.hr\">klinika.za.ortopediju.lovran@ri.t-com.hr<\/a><\/td>\n<td width=\"37%\"><strong>Pharmacy\u00a0&#8220;Ba\u010di\u0107 Nada&#8221;<\/strong><br \/>\n\u0160etali\u0161te M. Tita 46, HR \u2013 51415 Lovran<br \/>\nTel: +385 51 291 051<\/td>\n<\/tr>\n<tr>\n<td width=\"62%\"><\/td>\n<td width=\"37%\"><\/td>\n<\/tr>\n<tr>\n<td width=\"62%\"><strong>The Lovran Medical Practice<\/strong><br \/>\nDom zdravlja PG\u017d Lovran, 9. rujna 3<\/td>\n<td width=\"37%\"><strong>Dentist<\/strong><br \/>\n9. rujna 3, Lovran<br \/>\nTel: +385 51 293 770<\/td>\n<\/tr>\n<tr>\n<td width=\"62%\">Tripar Marin dr.med.<br \/>\nTel: +385 51 291 208<\/td>\n<td width=\"37%\">Dr. Mahmi\u0107-Ka\u010di\u0107 Jasna<br \/>\n\u017drtava fa\u0161izma 1<\/td>\n<\/tr>\n<\/tbody>\n<\/table>\n<p>[\/vc_column_text][\/vc_column][\/vc_row]<\/p>\n<\/div>","protected":false},"excerpt":{"rendered":"<p>[vc_row][vc_column][\/vc_column][\/vc_row][vc_row][vc_column width=&#8221;1\/2&#8243;][vc_column_text]Lovran is a town with a long and diverse past, with a hundred-year-long tradition of tourism. It took its name from laurel, laurus nobilis, which<span class=\"excerpt-hellip\"> [\u2026]<\/span><\/p>\n","protected":false},"author":3,"featured_media":3422,"parent":0,"menu_order":0,"comment_status":"closed","ping_status":"closed","template":"","meta":{"footnotes":""},"jetpack_sharing_enabled":true,"_links":{"self":[{"href":"https:\/\/www.holiday-bandalo.com\/it\/wp-json\/wp\/v2\/pages\/3873"}],"collection":[{"href":"https:\/\/www.holiday-bandalo.com\/it\/wp-json\/wp\/v2\/pages"}],"about":[{"href":"https:\/\/www.holiday-bandalo.com\/it\/wp-json\/wp\/v2\/types\/page"}],"author":[{"embeddable":true,"href":"https:\/\/www.holiday-bandalo.com\/it\/wp-json\/wp\/v2\/users\/3"}],"replies":[{"embeddable":true,"href":"https:\/\/www.holiday-bandalo.com\/it\/wp-json\/wp\/v2\/comments?post=3873"}],"version-history":[{"count":3,"href":"https:\/\/www.holiday-bandalo.com\/it\/wp-json\/wp\/v2\/pages\/3873\/revisions"}],"predecessor-version":[{"id":4003,"href":"https:\/\/www.holiday-bandalo.com\/it\/wp-json\/wp\/v2\/pages\/3873\/revisions\/4003"}],"wp:featuredmedia":[{"embeddable":true,"href":"https:\/\/www.holiday-bandalo.com\/it\/wp-json\/wp\/v2\/media\/3422"}],"wp:attachment":[{"href":"https:\/\/www.holiday-bandalo.com\/it\/wp-json\/wp\/v2\/media?parent=3873"}],"curies":[{"name":"wp","href":"https:\/\/api.w.org\/{rel}","templated":true}]}}