{"id":3350,"date":"2016-04-13T02:07:55","date_gmt":"2016-04-13T00:07:55","guid":{"rendered":"http:\/\/www.holiday-bandalo.com\/hr\/copyright\/"},"modified":"2016-04-13T14:50:03","modified_gmt":"2016-04-13T12:50:03","slug":"autorska-prava","status":"publish","type":"page","link":"https:\/\/www.holiday-bandalo.com\/hr\/autorska-prava\/","title":{"rendered":"Autorska prava"},"content":{"rendered":"<p>&nbsp;<\/p>\n<p>Sadr\u017eaj i radovi na ovim stranicama kreiranim od strane operatora stranice podlije\u017eu autorskom pravu. Reprodukcija, adaptacija, distribucija i bilo koje vrste izrabljivanja izvan granica autorskog prava, zahtijeva pismenu suglasnost autora ili kreatora. Preuzimanja i kopije ovih stranica dopu\u0161tena je samo u okviru vlastite potrebe. Ukoliko sadr\u017eaj nije stvorio web operater, autorska su prava tre\u0107ih osoba. Doprinosi tre\u0107ih osoba ozna\u010dene su kao takvi. Ako ste svjesni kr\u0161enja autorskih prava, uputite nam za savjet. Nakon obavijesti o povredama, ukloniti \u0107emo takav sadr\u017eaj odmah.<\/p>\n<p>&nbsp;<\/p>\n","protected":false},"excerpt":{"rendered":"<p>&nbsp; Sadr\u017eaj i radovi na ovim stranicama kreiranim od strane operatora stranice podlije\u017eu autorskom pravu. Reprodukcija, adaptacija, distribucija i bilo koje vrste izrabljivanja izvan granica autorskog<span class=\"excerpt-hellip\"> [\u2026]<\/span><\/p>\n","protected":false},"author":3,"featured_media":0,"parent":0,"menu_order":0,"comment_status":"closed","ping_status":"closed","template":"","meta":{"footnotes":""},"jetpack_sharing_enabled":true,"_links":{"self":[{"href":"https:\/\/www.holiday-bandalo.com\/hr\/wp-json\/wp\/v2\/pages\/3350"}],"collection":[{"href":"https:\/\/www.holiday-bandalo.com\/hr\/wp-json\/wp\/v2\/pages"}],"about":[{"href":"https:\/\/www.holiday-bandalo.com\/hr\/wp-json\/wp\/v2\/types\/page"}],"author":[{"embeddable":true,"href":"https:\/\/www.holiday-bandalo.com\/hr\/wp-json\/wp\/v2\/users\/3"}],"replies":[{"embeddable":true,"href":"https:\/\/www.holiday-bandalo.com\/hr\/wp-json\/wp\/v2\/comments?post=3350"}],"version-history":[{"count":1,"href":"https:\/\/www.holiday-bandalo.com\/hr\/wp-json\/wp\/v2\/pages\/3350\/revisions"}],"predecessor-version":[{"id":3351,"href":"https:\/\/www.holiday-bandalo.com\/hr\/wp-json\/wp\/v2\/pages\/3350\/revisions\/3351"}],"wp:attachment":[{"href":"https:\/\/www.holiday-bandalo.com\/hr\/wp-json\/wp\/v2\/media?parent=3350"}],"curies":[{"name":"wp","href":"https:\/\/api.w.org\/{rel}","templated":true}]}}