{"id":3363,"date":"2016-04-13T14:27:39","date_gmt":"2016-04-13T12:27:39","guid":{"rendered":"http:\/\/www.holiday-bandalo.com\/de\/disclaimer\/"},"modified":"2016-04-13T15:00:28","modified_gmt":"2016-04-13T13:00:28","slug":"haftungsausschluss","status":"publish","type":"page","link":"https:\/\/www.holiday-bandalo.com\/de\/haftungsausschluss\/","title":{"rendered":"Haftungsausschluss"},"content":{"rendered":"<p>&nbsp;<\/p>\n<p>Die Inhalte unserer Seiten wurden mit gr\u00f6\u00dfter Sorgfalt erstellt. F\u00fcr die Richtigkeit, Vollst\u00e4ndigkeit und Aktualit\u00e4t der Inhalte k\u00f6nnen wir jedoch keine Gew\u00e4hr \u00fcbernehmen. Wir sind f\u00fcr eigene Inhalte auf diesen Seiten nach den allgemeinen Gesetzen verantwortlich. Nach dem Empfang des Gesetzes, sind wir nicht verpflichtet, \u00fcbermittelte oder gespeicherte fremde Informationen zu \u00fcberwachen oder nach Umst\u00e4nden zu eine rechtswidrige T\u00e4tigkeit hinweisen. Verpflichtungen zur Entfernung oder Sperrung der Nutzung von Informationen nach den allgemeinen Gesetzen bleiben hiervon unber\u00fchrt. Allerdings ist eine diesbez\u00fcgliche Haftung ab dem Zeitpunkt der Kenntnis einer konkreten Rechtsverletzung m\u00f6glich. Bei bekannt werden von entsprechenden Rechtsverletzungen werden wir diese Inhalte umgehend entfernen.<\/p>\n<p><strong>Haftung f\u00fcr Links<\/strong><\/p>\n<p>Unsere Seite enth\u00e4lt Links zu externen Webseiten, auf deren Inhalte wir keinen Einfluss haben. Deshalb k\u00f6nnen wir keine Verantwortung \u00fcbernehmen f\u00fcr diese fremden Inhalte. Der jeweilige Anbieter oder Betreiber ist immer f\u00fcr den Inhalt der verlinkten Seiten verantwortlich. Die verlinkten Seiten wurden zum Zeitpunkt der Verlinkung auf m\u00f6gliche Rechtsverst\u00f6\u00dfe \u00fcberpr\u00fcft. Rechtswidrige Inhalte waren zum Zeitpunkt der Linksetzung. Eine permanente inhaltliche Kontrolle der verlinkten Seiten ist jedoch ohne konkrete Anhaltspunkte einer Rechtsverletzung. Bei Bekanntwerden von Rechtsverletzungen werden wir derartige Links umgehend entfernen.<\/p>\n<p>&nbsp;<\/p>\n","protected":false},"excerpt":{"rendered":"<p>&nbsp; Die Inhalte unserer Seiten wurden mit gr\u00f6\u00dfter Sorgfalt erstellt. F\u00fcr die Richtigkeit, Vollst\u00e4ndigkeit und Aktualit\u00e4t der Inhalte k\u00f6nnen wir jedoch keine Gew\u00e4hr \u00fcbernehmen. Wir sind<span class=\"excerpt-hellip\"> [\u2026]<\/span><\/p>\n","protected":false},"author":3,"featured_media":0,"parent":0,"menu_order":0,"comment_status":"closed","ping_status":"closed","template":"","meta":{"footnotes":""},"jetpack_sharing_enabled":true,"_links":{"self":[{"href":"https:\/\/www.holiday-bandalo.com\/de\/wp-json\/wp\/v2\/pages\/3363"}],"collection":[{"href":"https:\/\/www.holiday-bandalo.com\/de\/wp-json\/wp\/v2\/pages"}],"about":[{"href":"https:\/\/www.holiday-bandalo.com\/de\/wp-json\/wp\/v2\/types\/page"}],"author":[{"embeddable":true,"href":"https:\/\/www.holiday-bandalo.com\/de\/wp-json\/wp\/v2\/users\/3"}],"replies":[{"embeddable":true,"href":"https:\/\/www.holiday-bandalo.com\/de\/wp-json\/wp\/v2\/comments?post=3363"}],"version-history":[{"count":1,"href":"https:\/\/www.holiday-bandalo.com\/de\/wp-json\/wp\/v2\/pages\/3363\/revisions"}],"predecessor-version":[{"id":3366,"href":"https:\/\/www.holiday-bandalo.com\/de\/wp-json\/wp\/v2\/pages\/3363\/revisions\/3366"}],"wp:attachment":[{"href":"https:\/\/www.holiday-bandalo.com\/de\/wp-json\/wp\/v2\/media?parent=3363"}],"curies":[{"name":"wp","href":"https:\/\/api.w.org\/{rel}","templated":true}]}}