{"id":3348,"date":"2016-04-13T02:07:55","date_gmt":"2016-04-13T00:07:55","guid":{"rendered":"http:\/\/www.holiday-bandalo.com\/de\/copyright\/"},"modified":"2016-04-13T14:50:53","modified_gmt":"2016-04-13T12:50:53","slug":"copyright","status":"publish","type":"page","link":"https:\/\/www.holiday-bandalo.com\/de\/copyright\/","title":{"rendered":"Copyright"},"content":{"rendered":"<p>&nbsp;<\/p>\n<p>Die Inhalte und Werke auf diesen Seiten erstellt durch die Seitenbetreiber unterliegen dem Urheberrecht. Die Vervielf\u00e4ltigung, Bearbeitung, Verbreitung und jede Art der Verwertung au\u00dferhalb der Grenzen des Urheberrechtes bed\u00fcrfen der schriftlichen Zustimmung des jeweiligen Autors bzw. Erstellers. Downloads und Kopien dieser Seite sind nur im Rahmen der eigenen Gebrauch gestattet. Soweit der Inhalt nicht durch die Seitenbetreiber, die Urheberrechte Dritter erstellt. Beitr\u00e4ge Dritter sind als solche gekennzeichnet. Sollten Sie trotzdem auf eine Urheberrechtsverletzung aufmerksam werden, bitten wir um einen entsprechenden Hinweis. Bei Bekanntwerden von Rechtsverletzungen werden wir derartige Inhalte umgehend entfernen.<\/p>\n<p>&nbsp;<\/p>\n","protected":false},"excerpt":{"rendered":"<p>&nbsp; Die Inhalte und Werke auf diesen Seiten erstellt durch die Seitenbetreiber unterliegen dem Urheberrecht. Die Vervielf\u00e4ltigung, Bearbeitung, Verbreitung und jede Art der Verwertung au\u00dferhalb der<span class=\"excerpt-hellip\"> [\u2026]<\/span><\/p>\n","protected":false},"author":3,"featured_media":0,"parent":0,"menu_order":0,"comment_status":"closed","ping_status":"closed","template":"","meta":{"footnotes":""},"jetpack_sharing_enabled":true,"_links":{"self":[{"href":"https:\/\/www.holiday-bandalo.com\/de\/wp-json\/wp\/v2\/pages\/3348"}],"collection":[{"href":"https:\/\/www.holiday-bandalo.com\/de\/wp-json\/wp\/v2\/pages"}],"about":[{"href":"https:\/\/www.holiday-bandalo.com\/de\/wp-json\/wp\/v2\/types\/page"}],"author":[{"embeddable":true,"href":"https:\/\/www.holiday-bandalo.com\/de\/wp-json\/wp\/v2\/users\/3"}],"replies":[{"embeddable":true,"href":"https:\/\/www.holiday-bandalo.com\/de\/wp-json\/wp\/v2\/comments?post=3348"}],"version-history":[{"count":1,"href":"https:\/\/www.holiday-bandalo.com\/de\/wp-json\/wp\/v2\/pages\/3348\/revisions"}],"predecessor-version":[{"id":3352,"href":"https:\/\/www.holiday-bandalo.com\/de\/wp-json\/wp\/v2\/pages\/3348\/revisions\/3352"}],"wp:attachment":[{"href":"https:\/\/www.holiday-bandalo.com\/de\/wp-json\/wp\/v2\/media?parent=3348"}],"curies":[{"name":"wp","href":"https:\/\/api.w.org\/{rel}","templated":true}]}}