{"id":3340,"date":"2016-04-13T14:36:37","date_gmt":"2016-04-13T12:36:37","guid":{"rendered":"http:\/\/www.holiday-bandalo.com\/de\/terms-and-conditions\/"},"modified":"2018-01-02T00:20:09","modified_gmt":"2018-01-01T23:20:09","slug":"allgemeine-bedinungen-agb","status":"publish","type":"page","link":"https:\/\/www.holiday-bandalo.com\/de\/allgemeine-bedinungen-agb\/","title":{"rendered":"Allgemeine Bedinungen (AGB)"},"content":{"rendered":"<p>&nbsp;<\/p>\n<p><strong>ALLGEMEINE BEDINGUNGEN (AGB)<\/strong><br \/>\nDer Gast ist verpflichtet, schriftlich zu erkl\u00e4ren, dass er alle Reservierungsbedingungen der Reise durchgelesen und akzeptiert hat.<\/p>\n<p>Bei der Anmeldung und Reservierung der ausgew\u00e4hlten Dienstleistung zahlt der Gast 30% des Gesamtpreises der Reise.<\/p>\n<p>&nbsp;<\/p>\n<p><strong>PREIS DER DIENSTLEISTUNGEN UND W\u00c4HRUNG<\/strong><br \/>\nDie Preisliste der Dienstleistungen befindet sich auf der Website. Alle Arten von speziellem Service, die nicht im Preis inbegriffen sind, zahlt der Gast extra. Au\u00dferdem muss er solche zus\u00e4tzlichen Dienstleistungen bei der Reisereservierung oder je nach Vereinbarung vor Ort bezahlen. Falls der Gast w\u00e4hrend der Reise einen besonderen Service in Anspruch nehmen will, zahlt er diesen vor Ort, und zwar in der W\u00e4hrung des Landes, in dem er sich befindet.<\/p>\n<p>Preise sind die auf der Website in Euro ausgewiesenen Preise aus der nationalen W\u00e4hrung KUNA umgerechnet, und zwar laut dem Kroatischen Nationalbank geltenden Wechselkurs.<\/p>\n<p>&nbsp;<\/p>\n<p><strong>REISEDOKUMENTATION<\/strong><br \/>\nDie Reisedokumentation bzw. die Eingangsbest\u00e4tigung der Zahlung sowie die Details in Hinsicht auf Check in wird per E-Mail zugesendet und gilt im Falle der Unterkunft in einem Privathaus als Voucher.<\/p>\n<p>Im Falle der \u00dcbernachtung im Ferienhaus und im Apartement au\u00dferhalb der Stadt Pore\u010d wird der Voucher per E-Mail zugesendet.<br \/>\n<strong>KATEGORISIERUNG UND BESCHREIBUNG DES OBJEKTS<\/strong><br \/>\nDie angebotenen \u00dcbernachtungskapazit\u00e4ten sind nach offizieller Kategorisierung des betreffenden Landes beschrieben.<\/p>\n<p>&nbsp;<\/p>\n<p><strong>\u00dcBERNACHTUNG IM HOTEL UND IN APPARTEMENTS<\/strong><br \/>\nDie Apartements\/Ferienhaus k\u00f6nnen in der Regel am Anreisetag nach <strong>14:00 h<\/strong> bezogen werden und m\u00fcssen am Abreisetag sp\u00e4testens bis <strong>10:00 h<\/strong> verlassen werden.<br \/>\nAnreisen nach 19,00 h m\u00fcssen vorher angek\u00fcndigt werden.<br \/>\nHaustiere sind nur in Einzelf\u00e4llen und gegen Zuschlag mit Ank\u00fcndigung im Voraus erlaubt.<br \/>\nDie Unterkunft kann nur von G\u00e4sten genutzt werden, die sich angemeldet haben, falls eine \u00c4nderung nicht zeitgerecht angek\u00fcndigt wurde.<\/p>\n<p>&nbsp;<\/p>\n<p><strong>REISER\u00dcCKTRITT<\/strong><br \/>\nFalls der Gast eine Reservierung storniert, beh\u00e4lt Holiday Bandalo Porec\u00a030% vom Akontzahlung der Reservierung.<\/p>\n<p>Sollte der Reisende, der eine Reise storniert hat, eine andere Person f\u00fcr dieselbe Reservierung finden, berechnet Holiday Bandalo Porec\u00a0nur die Kosten, die durch den Wechsel verursacht werden.<\/p>\n<p>&nbsp;<\/p>\n<p><strong>STORNIERUNG DER RESERVIERUNG SEITENS Holiday Bandalo Porec<\/strong><br \/>\nFalls Holiday Bandalo Porec\u00a0wegen au\u00dferordentlichen oder unvorhersehbaren Umst\u00e4nden dem Gast das schon reservierte konkrete Objekt stornieren muss, ist Holiday Bandalo Porec\u00a0dazu verpflichtet, dem Gast einen Ersatz mit derselben oder einer noch besseren Qualit\u00e4t anzubieten oder das f\u00fcr die Reservierung bezahlte Geld zur\u00fcckzuzahlen.<\/p>\n<p>Der Gast ist dazu verpflichtet, ein g\u00fcltiges Reisedokument bei sich zu haben. Sollte der Gast kein g\u00fcltiges Reisedokument haben und deshalb nicht anreisen k\u00f6nnen, muss er, falls durch dieses Fehlverhalten des Gastes f\u00fcr Holiday Bandalo Porec\u00a0ein zus\u00e4tzlicher Schaden entsteht, diesen ersetzen. Falls w\u00e4hrend der Reise das Reisedokument verloren oder gestohlen wird, tr\u00e4gt der Gast die Kosten f\u00fcr die Ausstellung eines neuen Reisedokuments. Holiday Bandalo Porec\u00a0tr\u00e4gt keine Verantwortung f\u00fcr Entscheidungen des Zolls, der Polizei oder anderer staatlicher Beh\u00f6rden, durch die dem Gast das Betreten des entsprechenden Landes nicht gestattet wird.<\/p>\n<p>&nbsp;<\/p>\n<p><strong>REKLAMATIONEN<\/strong><br \/>\nEs ist im Interesse des Gastes zu versuchen, seine Beschwerde gleich vor Ort zu l\u00f6sen.<\/p>\n<p>&nbsp;<\/p>\n<p><strong>PFLICHTEN von Holiday Bandalo Porec<\/strong><br \/>\nArlen turizam d.o.o. hat die Pflicht, sich um die Erbringung der Dienstleistungen sowie um den Erbringer der Dienstleistungen zu k\u00fcmmern, mit der Sorgfalt eines guten Kauffmanns.<\/p>\n<p>&nbsp;<\/p>\n<p><strong>PFLICHTEN DES GASTS<\/strong><br \/>\nDer Gast hat die Pflicht, sich darum zu k\u00fcmmern, dass er pers\u00f6nlich alle Bedingungen gesetzlicher Vorschriften der Republik Kroatien und des Landes, durch das er durchf\u00e4hrt, zu beachten sowie sich an die Hausordnung in Ferienhaus\u00a0und Apartements zu halten.<\/p>\n<p>Der Gast haftet selbst f\u00fcr Sch\u00e4den, die er verursacht, und muss diese an Ort und Stelle beim Eigent\u00fcmer des Apartements\/Ferienhaus begleichen.<\/p>\n<p>&nbsp;<\/p>\n<p><strong>PERS\u00d6NLICHER DATENSCHUTZ<\/strong><br \/>\nDer Gast macht freiwillig pers\u00f6nliche Angaben. Pers\u00f6nliche Angaben des Gasts sind f\u00fcr den Realisierungsprozess der Reservierung notwendig und werden f\u00fcr die weitere Kommunikation mit dem Gast verwendet. Pers\u00f6nliche Angaben der G\u00e4ste werden in einer Datenbank aufbewahrt.<\/p>\n<p>&nbsp;<\/p>\n<p><strong>REZENSIONEN<\/strong><br \/>\nIm Falle einer vom Gast vorgelegten Rezension des durch Holiday Bandalo Porec vermittelten Unterkunfts, behalten wir das Recht diese Rezension auf unseren offiziellen Webseiten zu publizieren. Holiday Bandalo Porec\u00a0kann die Rezension auf Bitten vom Gast in k\u00fcrzester Zeit entfernen.<\/p>\n<p>&nbsp;<\/p>\n","protected":false},"excerpt":{"rendered":"<p>&nbsp; ALLGEMEINE BEDINGUNGEN (AGB) Der Gast ist verpflichtet, schriftlich zu erkl\u00e4ren, dass er alle Reservierungsbedingungen der Reise durchgelesen und akzeptiert hat. Bei der Anmeldung und Reservierung<span class=\"excerpt-hellip\"> [\u2026]<\/span><\/p>\n","protected":false},"author":3,"featured_media":3421,"parent":0,"menu_order":0,"comment_status":"closed","ping_status":"closed","template":"","meta":{"footnotes":""},"jetpack_sharing_enabled":true,"_links":{"self":[{"href":"https:\/\/www.holiday-bandalo.com\/de\/wp-json\/wp\/v2\/pages\/3340"}],"collection":[{"href":"https:\/\/www.holiday-bandalo.com\/de\/wp-json\/wp\/v2\/pages"}],"about":[{"href":"https:\/\/www.holiday-bandalo.com\/de\/wp-json\/wp\/v2\/types\/page"}],"author":[{"embeddable":true,"href":"https:\/\/www.holiday-bandalo.com\/de\/wp-json\/wp\/v2\/users\/3"}],"replies":[{"embeddable":true,"href":"https:\/\/www.holiday-bandalo.com\/de\/wp-json\/wp\/v2\/comments?post=3340"}],"version-history":[{"count":3,"href":"https:\/\/www.holiday-bandalo.com\/de\/wp-json\/wp\/v2\/pages\/3340\/revisions"}],"predecessor-version":[{"id":4208,"href":"https:\/\/www.holiday-bandalo.com\/de\/wp-json\/wp\/v2\/pages\/3340\/revisions\/4208"}],"wp:featuredmedia":[{"embeddable":true,"href":"https:\/\/www.holiday-bandalo.com\/de\/wp-json\/wp\/v2\/media\/3421"}],"wp:attachment":[{"href":"https:\/\/www.holiday-bandalo.com\/de\/wp-json\/wp\/v2\/media?parent=3340"}],"curies":[{"name":"wp","href":"https:\/\/api.w.org\/{rel}","templated":true}]}}